{"id":8,"date":"2019-10-09T14:01:47","date_gmt":"2019-10-09T12:01:47","guid":{"rendered":"https:\/\/kollegprojekt.kfj.at\/2020\/?page_id=8"},"modified":"2020-10-01T10:28:32","modified_gmt":"2020-10-01T08:28:32","slug":"impressum","status":"publish","type":"page","link":"https:\/\/kollegprojekt.kfj.at\/2020\/impressum\/","title":{"rendered":"Impressum und Datenschutz"},"content":{"rendered":"<h1>Impressum<\/h1>\n<p>&nbsp;<\/p>\n<p><strong>Medieninhaber und Herausgeber:<\/strong> Kuratorium f\u00fcr Journalistenausbildung (KfJ), mit Sitz in Wien (Schottenring 12, 1010) und der Zustellanschrift Bergstra\u00dfe 10, 5020 Salzburg, ZVR: 646310014<\/p>\n<p><strong>Redaktion:<\/strong> Bergstra\u00dfe 10, 5020 Salzburg<\/p>\n<p><strong>Vereinsvorstand:<\/strong> Martin Fleischhacker, MSc. (Obmann), Mag. Nikolaus Koller M.A. (Gesch\u00e4ftsf\u00fchrer)<\/p>\n<p><strong>Vereinszweck:<\/strong> Die berufsbegleitende Aus- und Fortbildung sowie Umschulungen von Journalisten durch die Erstellung und Durchf\u00fchrung von Kurs- und Seminarprogrammen; ferner die F\u00fchrung einer berufsbegleitenden Aus- und Fortbildungsinstitution.<\/p>\n<p><strong>Rechtsgesch\u00e4ftliche Vertretung:<\/strong> Martin Fleischhacker, MSc. (Obmann), Mag. Nikolaus Koller M.A. (Gesch\u00e4ftsf\u00fchrer)<\/p>\n<p><strong>Redaktionelle Leitung<span style=\"color: #000000;\">:<\/span><\/strong><span style=\"color: #000000;\"> Jasmine Hrdina, Laurin Lorenz<\/span><\/p>\n<p><strong>Chefs vom Diens<span style=\"color: #000000;\">t:<\/span><\/strong><span style=\"color: #000000;\"> Anna Boschner, Alexandra Hogan<\/span><\/p>\n<p><strong><span style=\"color: #000000;\">Grafik<\/span><span style=\"color: #000000;\">:<\/span><\/strong><span style=\"color: #000000;\"> Pia Steidl<\/span><\/p>\n<p><strong>Webdesign &amp; Implementierung: <\/strong>Martin Seer<\/p>\n<p><strong>Redaktion:<\/strong> Anna Boschner, Marzell Buffler, Julian D\u00fcrnberger, Stephanie Katharina Feichtinger, Wilhelm Giuliani, Daniela Gr\u00f6ssing, Sophia Elisabeth Gruber, Vanessa Maria Gruber, Alexandra Hogan, Jasmine Hrdina, Matthias Krammerstorfer, Laurin Lorenz, Martin Lugger, Katharina Placereano, Antonio Prokscha, Pia Steidl, Livia Steiner, Katia Wagner<\/p>\n<p><strong>Erkl\u00e4rung \u00fcber die grundlegende Richtung:<\/strong> Das \u00d6sterreichische Journalisten-Kolleg ist die berufsbegleitende Journalistenschule f\u00fcr motivierte, offene Menschen mit journalistischer Erfahrung und Quereinsteigern mit Leidenschaft f\u00fcr Journalismus.<\/p>\n<p><strong>Haftungsausschluss<\/strong><br \/>\nDie auf\u00a0\u201cHeroinez\u201d ver\u00f6ffentlichten Inhalte sowie die technischen Services sind sorgf\u00e4ltig recherchiert und programmiert. \u201c<span style=\"color: #000000;\">kollegprojekt.kfj.at<\/span>\u201d \u00fcbernimmt dennoch keinerlei Gew\u00e4hr f\u00fcr die Aktualit\u00e4t, Korrektheit, Richtigkeit, Vollst\u00e4ndigkeit oder Qualit\u00e4t der bereitgestellten Informationen. Alle Angebote sind freibleibend und unverbindlich. Der Herausgeber beh\u00e4lt sich ausdr\u00fccklich vor, Teile der Seiten oder das gesamte Angebot ohne gesonderte Ank\u00fcndigung zu ver\u00e4ndern, zu erg\u00e4nzen, zu l\u00f6schen oder die Ver\u00f6ffentlichung zeitweise oder endg\u00fcltig einzustellen. Alle Angaben erfolgen ohne Gew\u00e4hr. Eine Haftung f\u00fcr Sch\u00e4den, die sich durch auf \u201ckollegprojekt.kfj.at\u201d ver\u00f6ffentlichte Inhalte oder Services ergeben, ist ausgeschlossen.<\/p>\n<p><strong>Links und Verweise<\/strong><br \/>\nS\u00e4mtliche Links und Verweise auf andere Webseiten wurden sorgf\u00e4ltig gepr\u00fcft. Auf die Inhalte externer Internetseiten hat \u201ckollegprojekt.kfj.at\u201d aber keinen Einfluss und kann daher keine diesbez\u00fcgliche Verantwortung \u00fcbernehmen.<\/p>\n<p><strong>Urheberrecht<\/strong><br \/>\nDas Layout und die Gestaltung des Angebots sowie seiner einzelnen Elemente wie Logos, Fotos, Grafiken etc. sind urheberrechtlich gesch\u00fctzt. Gleiches gilt f\u00fcr die redaktionellen Beitr\u00e4ge im Einzelnen sowie ihre Auswahl und Zusammenstellung; Ver\u00e4nderungen daran d\u00fcrfen nicht vorgenommen werden. Inhalte von \u201ckollegprojekt.kfj.at\u201d d\u00fcrfen nur mit ausdr\u00fccklicher Zustimmung der verantwortlichen Seitenurheberinnen und -urheber in anderen Publikationen verwendet werden.<\/p>\n<p><strong>Datenschutz<\/strong><br \/>\nSofern innerhalb des Internetangebots die M\u00f6glichkeit zur Eingabe pers\u00f6nlicher oder gesch\u00e4ftlicher Daten (E-Mail-Adressen, Namen, Anschriften) besteht, erfolgt die Preisgabe dieser Daten seitens des Nutzers auf ausdr\u00fccklich freiwilliger Basis.<br \/>\nAuf dieser Website werden personenbezogene Daten verarbeitet. N\u00e4here Informationen zur Verarbeitung Ihrer personenbezogenen Daten durch das Kuratorium f\u00fcr Journalistenausbildung erhalten sie auf <span style=\"color: #000000;\"><a style=\"color: #000000;\" href=\"https:\/\/www.kfj.at\/service\/datenschutzerklaerung\/\" target=\"_blank\" rel=\"noopener noreferrer\"><span style=\"color: #0000ff;\">unserer Seite Datenschutz<\/span>.<\/a><\/span><\/p>\n","protected":false},"excerpt":{"rendered":"<p>Impressum &nbsp; Medieninhaber und Herausgeber: Kuratorium f\u00fcr Journalistenausbildung (KfJ), mit Sitz in Wien (Schottenring 12, 1010) und der Zustellanschrift Bergstra\u00dfe 10, 5020 Salzburg, ZVR: 646310014 Redaktion: Bergstra\u00dfe 10, 5020 Salzburg Vereinsvorstand: Martin Fleischhacker, MSc. (Obmann), Mag. Nikolaus Koller M.A. (Gesch\u00e4ftsf\u00fchrer) Vereinszweck: Die berufsbegleitende Aus- und Fortbildung sowie Umschulungen von Journalisten durch die Erstellung und Durchf\u00fchrung [&hellip;]<\/p>\n","protected":false},"author":1,"featured_media":0,"parent":0,"menu_order":1000,"comment_status":"closed","ping_status":"closed","template":"","meta":[],"acf":[],"yoast_head":"<!-- This site is optimized with the Yoast SEO plugin v18.4.1 - https:\/\/yoast.com\/wordpress\/plugins\/seo\/ -->\n<title>Impressum \u2013 Heroinez \u2013 Kuratorium f\u00fcr Journalistenausbildung<\/title>\n<meta name=\"description\" content=\"Redaktionelle Leitung: Jasmine Hrdina, Laurin Lorenz, Chefs vom Dienst: Anna Boschner, Alexandra Hogan, Grafik: Pia Steidl\" \/>\n<meta name=\"robots\" content=\"index, follow, max-snippet:-1, max-image-preview:large, max-video-preview:-1\" \/>\n<link rel=\"canonical\" href=\"https:\/\/kollegprojekt.kfj.at\/2020\/impressum\/\" \/>\n<meta property=\"og:locale\" content=\"de_DE\" \/>\n<meta property=\"og:type\" content=\"article\" \/>\n<meta property=\"og:title\" content=\"Impressum \u2013 Heroinez \u2013 Kuratorium f\u00fcr Journalistenausbildung\" \/>\n<meta property=\"og:description\" content=\"Redaktionelle Leitung: Jasmine Hrdina, Laurin Lorenz, Chefs vom Dienst: Anna Boschner, Alexandra Hogan, Grafik: Pia Steidl\" \/>\n<meta property=\"og:url\" content=\"https:\/\/kollegprojekt.kfj.at\/2020\/impressum\/\" \/>\n<meta property=\"og:site_name\" content=\"heroinez\" \/>\n<meta property=\"article:modified_time\" content=\"2020-10-01T08:28:32+00:00\" \/>\n<meta name=\"twitter:card\" content=\"summary_large_image\" \/>\n<meta name=\"twitter:label1\" content=\"Gesch\u00e4tzte Lesezeit\" \/>\n\t<meta name=\"twitter:data1\" content=\"2 Minuten\" \/>\n<script type=\"application\/ld+json\" class=\"yoast-schema-graph\">{\"@context\":\"https:\/\/schema.org\",\"@graph\":[{\"@type\":\"WebSite\",\"@id\":\"https:\/\/kollegprojekt.kfj.at\/2020\/#website\",\"url\":\"https:\/\/kollegprojekt.kfj.at\/2020\/\",\"name\":\"heroinez\",\"description\":\"Nicht noch ein Frauenmagazin\",\"potentialAction\":[{\"@type\":\"SearchAction\",\"target\":{\"@type\":\"EntryPoint\",\"urlTemplate\":\"https:\/\/kollegprojekt.kfj.at\/2020\/?s={search_term_string}\"},\"query-input\":\"required name=search_term_string\"}],\"inLanguage\":\"de-DE\"},{\"@type\":\"WebPage\",\"@id\":\"https:\/\/kollegprojekt.kfj.at\/2020\/impressum\/#webpage\",\"url\":\"https:\/\/kollegprojekt.kfj.at\/2020\/impressum\/\",\"name\":\"Impressum \u2013 Heroinez \u2013 Kuratorium f\u00fcr Journalistenausbildung\",\"isPartOf\":{\"@id\":\"https:\/\/kollegprojekt.kfj.at\/2020\/#website\"},\"datePublished\":\"2019-10-09T12:01:47+00:00\",\"dateModified\":\"2020-10-01T08:28:32+00:00\",\"description\":\"Redaktionelle Leitung: Jasmine Hrdina, Laurin Lorenz, Chefs vom Dienst: Anna Boschner, Alexandra Hogan, Grafik: Pia Steidl\",\"breadcrumb\":{\"@id\":\"https:\/\/kollegprojekt.kfj.at\/2020\/impressum\/#breadcrumb\"},\"inLanguage\":\"de-DE\",\"potentialAction\":[{\"@type\":\"ReadAction\",\"target\":[\"https:\/\/kollegprojekt.kfj.at\/2020\/impressum\/\"]}]},{\"@type\":\"BreadcrumbList\",\"@id\":\"https:\/\/kollegprojekt.kfj.at\/2020\/impressum\/#breadcrumb\",\"itemListElement\":[{\"@type\":\"ListItem\",\"position\":1,\"name\":\"Startseite\",\"item\":\"https:\/\/kollegprojekt.kfj.at\/2020\/\"},{\"@type\":\"ListItem\",\"position\":2,\"name\":\"Impressum und Datenschutz\"}]}]}<\/script>\n<!-- \/ Yoast SEO plugin. -->","yoast_head_json":{"title":"Impressum \u2013 Heroinez \u2013 Kuratorium f\u00fcr Journalistenausbildung","description":"Redaktionelle Leitung: Jasmine Hrdina, Laurin Lorenz, Chefs vom Dienst: Anna Boschner, Alexandra Hogan, Grafik: Pia Steidl","robots":{"index":"index","follow":"follow","max-snippet":"max-snippet:-1","max-image-preview":"max-image-preview:large","max-video-preview":"max-video-preview:-1"},"canonical":"https:\/\/kollegprojekt.kfj.at\/2020\/impressum\/","og_locale":"de_DE","og_type":"article","og_title":"Impressum \u2013 Heroinez \u2013 Kuratorium f\u00fcr Journalistenausbildung","og_description":"Redaktionelle Leitung: Jasmine Hrdina, Laurin Lorenz, Chefs vom Dienst: Anna Boschner, Alexandra Hogan, Grafik: Pia Steidl","og_url":"https:\/\/kollegprojekt.kfj.at\/2020\/impressum\/","og_site_name":"heroinez","article_modified_time":"2020-10-01T08:28:32+00:00","twitter_card":"summary_large_image","twitter_misc":{"Gesch\u00e4tzte Lesezeit":"2 Minuten"},"schema":{"@context":"https:\/\/schema.org","@graph":[{"@type":"WebSite","@id":"https:\/\/kollegprojekt.kfj.at\/2020\/#website","url":"https:\/\/kollegprojekt.kfj.at\/2020\/","name":"heroinez","description":"Nicht noch ein Frauenmagazin","potentialAction":[{"@type":"SearchAction","target":{"@type":"EntryPoint","urlTemplate":"https:\/\/kollegprojekt.kfj.at\/2020\/?s={search_term_string}"},"query-input":"required name=search_term_string"}],"inLanguage":"de-DE"},{"@type":"WebPage","@id":"https:\/\/kollegprojekt.kfj.at\/2020\/impressum\/#webpage","url":"https:\/\/kollegprojekt.kfj.at\/2020\/impressum\/","name":"Impressum \u2013 Heroinez \u2013 Kuratorium f\u00fcr Journalistenausbildung","isPartOf":{"@id":"https:\/\/kollegprojekt.kfj.at\/2020\/#website"},"datePublished":"2019-10-09T12:01:47+00:00","dateModified":"2020-10-01T08:28:32+00:00","description":"Redaktionelle Leitung: Jasmine Hrdina, Laurin Lorenz, Chefs vom Dienst: Anna Boschner, Alexandra Hogan, Grafik: Pia Steidl","breadcrumb":{"@id":"https:\/\/kollegprojekt.kfj.at\/2020\/impressum\/#breadcrumb"},"inLanguage":"de-DE","potentialAction":[{"@type":"ReadAction","target":["https:\/\/kollegprojekt.kfj.at\/2020\/impressum\/"]}]},{"@type":"BreadcrumbList","@id":"https:\/\/kollegprojekt.kfj.at\/2020\/impressum\/#breadcrumb","itemListElement":[{"@type":"ListItem","position":1,"name":"Startseite","item":"https:\/\/kollegprojekt.kfj.at\/2020\/"},{"@type":"ListItem","position":2,"name":"Impressum und Datenschutz"}]}]}},"_links":{"self":[{"href":"https:\/\/kollegprojekt.kfj.at\/2020\/wp-json\/wp\/v2\/pages\/8"}],"collection":[{"href":"https:\/\/kollegprojekt.kfj.at\/2020\/wp-json\/wp\/v2\/pages"}],"about":[{"href":"https:\/\/kollegprojekt.kfj.at\/2020\/wp-json\/wp\/v2\/types\/page"}],"author":[{"embeddable":true,"href":"https:\/\/kollegprojekt.kfj.at\/2020\/wp-json\/wp\/v2\/users\/1"}],"replies":[{"embeddable":true,"href":"https:\/\/kollegprojekt.kfj.at\/2020\/wp-json\/wp\/v2\/comments?post=8"}],"version-history":[{"count":14,"href":"https:\/\/kollegprojekt.kfj.at\/2020\/wp-json\/wp\/v2\/pages\/8\/revisions"}],"predecessor-version":[{"id":1050,"href":"https:\/\/kollegprojekt.kfj.at\/2020\/wp-json\/wp\/v2\/pages\/8\/revisions\/1050"}],"wp:attachment":[{"href":"https:\/\/kollegprojekt.kfj.at\/2020\/wp-json\/wp\/v2\/media?parent=8"}],"curies":[{"name":"wp","href":"https:\/\/api.w.org\/{rel}","templated":true}]}}